{"id":11,"date":"2018-10-21T23:57:50","date_gmt":"2018-10-21T23:57:50","guid":{"rendered":"https:\/\/elementsusaadjusting.com\/es\/?page_id=11"},"modified":"2020-03-23T22:00:11","modified_gmt":"2020-03-23T22:00:11","slug":"home","status":"publish","type":"page","link":"https:\/\/elementsusaadjusting.com\/es\/","title":{"rendered":"Home"},"content":{"rendered":"<div class=\"wpb-content-wrapper\"><p>[vc_row css=\u00bb.vc_custom_1540188970899{padding-bottom: 0px !important;}\u00bb][vc_column]<div class=\"avt_masterslider_el \" >\n\t\t<!-- MasterSlider -->\n\t\t<div id=\"P_MS69f79dcb7d7a4\" class=\"master-slider-parent ms-parent-id-2\"  >\n\n\t\t\t\n\t\t\t<!-- MasterSlider Main -->\n\t\t\t<div id=\"MS69f79dcb7d7a4\" class=\"master-slider ms-skin-default\" >\n\t\t\t\t \t\t\t\t \n\t\t\t<div  class=\"ms-slide\" data-delay=\"3\" data-fill-mode=\"fill\"  >\n\t\t\t\t\t<img decoding=\"async\" src=\"https:\/\/elementsusaadjusting.com\/es\/wp-content\/plugins\/masterslider\/public\/assets\/css\/blank.gif\" alt=\"\" title=\"fondo-slider (1)\" data-src=\"https:\/\/elementsusaadjusting.com\/es\/wp-content\/uploads\/2018\/10\/fondo-slider-1.png\" \/>\n\n\t\t\t\t\t<img decoding=\"async\"  class=\"ms-layer\" src=\"https:\/\/elementsusaadjusting.com\/es\/wp-content\/plugins\/masterslider\/public\/assets\/css\/blank.gif\" data-src=\"https:\/\/elementsusaadjusting.com\/es\/wp-content\/uploads\/2018\/10\/img-slider-2.png\" alt=\"\" style=\"height:460px;\"     data-ease=\"easeOutQuint\"        data-type=\"image\"         data-offset-x=\"598\" data-offset-y=\"139\" data-origin=\"tl\" data-position=\"normal\" \/>\n\n\t\t\t\t\t<div  class=\"ms-layer\" style=\"\"      data-ease=\"easeOutQuint\"                data-offset-x=\"0\" data-offset-y=\"174\" data-origin=\"tl\" data-position=\"normal\" >\n<div class=\"slider\"><h2>SOMOS TUS AJUSTADORES P\u00daBLICOS EXPERIMENTADOS<\/h2><p>Obt\u00e9n el dinero que mereces, por tu reclamo al seguro<\/p><a class=\"btn\" href=\"#servicios\">Servicios<\/a><\/div><\/div>\n\n\n\t\t\t\t<\/div>\n\t\t\t<div  class=\"ms-slide\" data-delay=\"3\" data-fill-mode=\"fill\"  >\n\t\t\t\t\t<img decoding=\"async\" src=\"https:\/\/elementsusaadjusting.com\/es\/wp-content\/plugins\/masterslider\/public\/assets\/css\/blank.gif\" alt=\"\" title=\"fondo-slider (1)\" data-src=\"https:\/\/elementsusaadjusting.com\/es\/wp-content\/uploads\/2018\/10\/slider-2.png\" \/>\n\n\t\t\t\t\t<img decoding=\"async\"  class=\"ms-layer\" src=\"https:\/\/elementsusaadjusting.com\/es\/wp-content\/plugins\/masterslider\/public\/assets\/css\/blank.gif\" data-src=\"https:\/\/elementsusaadjusting.com\/es\/wp-content\/uploads\/2018\/10\/img-slider-2-1.png\" alt=\"\" style=\"height:460px;\"     data-ease=\"easeOutQuint\"        data-type=\"image\"         data-offset-x=\"821\" data-offset-y=\"139\" data-origin=\"tl\" data-position=\"normal\" \/>\n\n\t\t\t\t\t<div  class=\"ms-layer\" style=\"\"      data-ease=\"easeOutQuint\"                data-offset-x=\"0\" data-offset-y=\"224\" data-origin=\"tl\" data-position=\"normal\" >\n<div class=\"slider\"><h2>Mas de 15 a\u00f1os de experiencia combinada<\/h2><a class=\"btn\" href=\"#servicios\">Servicios<\/a><\/div><\/div>\n\n\n\t\t\t\t<\/div>\n\t\t\t<div  class=\"ms-slide\" data-delay=\"3\" data-fill-mode=\"fill\"  >\n\t\t\t\t\t<img decoding=\"async\" src=\"https:\/\/elementsusaadjusting.com\/es\/wp-content\/plugins\/masterslider\/public\/assets\/css\/blank.gif\" alt=\"\" title=\"fondo-slider (1)\" data-src=\"https:\/\/elementsusaadjusting.com\/es\/wp-content\/uploads\/2018\/10\/slider-3.png\" \/>\n\n\t\t\t\t\t<img decoding=\"async\"  class=\"ms-layer\" src=\"https:\/\/elementsusaadjusting.com\/es\/wp-content\/plugins\/masterslider\/public\/assets\/css\/blank.gif\" data-src=\"https:\/\/elementsusaadjusting.com\/es\/wp-content\/uploads\/2018\/10\/img-slider-3.png\" alt=\"\" style=\"width:430px;\"     data-ease=\"easeOutQuint\"        data-type=\"image\"         data-offset-x=\"670\" data-offset-y=\"149\" data-origin=\"tl\" data-position=\"normal\" \/>\n\n\t\t\t\t\t<div  class=\"ms-layer\" style=\"\"      data-ease=\"easeOutQuint\"                data-offset-x=\"0\" data-offset-y=\"174\" data-origin=\"tl\" data-position=\"normal\" >\n<div class=\"slider\"><h2>Cuando tu casa m\u00e1s lo necesite... puedes confiar en nosotros<\/h2><a class=\"btn\" href=\"#contacto\">Cont\u00e1ctanos<\/a><\/div><\/div>\n\n\n\t\t\t\t<\/div>\n\n\t\t\t<\/div>\n\t\t\t<!-- END MasterSlider Main -->\n\n\t\t\t \n\t\t<\/div>\n\t\t<!-- END MasterSlider -->\n\n\t\t<script>\n\t\t( window.MSReady = window.MSReady || [] ).push( function( $ ) {\n\n\t\t\t\"use strict\";\n\t\t\tvar masterslider_d7a4 = new MasterSlider();\n\n\t\t\t\/\/ slider controls\n\t\t\t\/\/ slider setup\n\t\t\tmasterslider_d7a4.setup(\"MS69f79dcb7d7a4\", {\n\t\t\t\twidth           : 1100,\n\t\t\t\theight          : 600,\n\t\t\t\tminHeight       : 500,\n\t\t\t\tspace           : 0,\n\t\t\t\tstart           : 1,\n\t\t\t\tgrabCursor      : true,\n\t\t\t\tswipe           : true,\n\t\t\t\tmouse           : true,\n\t\t\t\tkeyboard        : false,\n\t\t\t\tlayout          : \"fullwidth\",\n\t\t\t\twheel           : false,\n\t\t\t\tautoplay        : false,\n\t\t\t\tinstantStartLayers:false,\n\t\t\t\tloop            : false,\n\t\t\t\tshuffle         : false,\n\t\t\t\tpreload         : 0,\n\t\t\t\theightLimit     : true,\n\t\t\t\tautoHeight      : false,\n\t\t\t\tsmoothHeight    : true,\n\t\t\t\tendPause        : false,\n\t\t\t\toverPause       : true,\n\t\t\t\tfillMode        : \"fill\",\n\t\t\t\tcenterControls  : true,\n\t\t\t\tstartOnAppear   : false,\n\t\t\t\tlayersMode      : \"center\",\n\t\t\t\tautofillTarget  : \"\",\n\t\t\t\thideLayers      : false,\n\t\t\t\tfullscreenMargin: 0,\n\t\t\t\tspeed           : 20,\n\t\t\t\tdir             : \"h\",\n\t\t\t\tparallaxMode    : 'swipe',\n\t\t\t\tview            : \"basic\"\n\t\t\t});\n\n\t\t\t\n\t\t\twindow.masterslider_instances = window.masterslider_instances || [];\n\t\t\twindow.masterslider_instances.push( masterslider_d7a4 );\n\t\t});\n\t\t<\/script>\n\n<\/div>[\/vc_column][\/vc_row][vc_row css=\u00bb.vc_custom_1540191530130{margin-top: 0px !important;margin-right: -55px !important;margin-bottom: 0px !important;margin-left: -55px !important;padding-right: 40px !important;padding-left: 40px !important;background-color: #a7245c !important;border-radius: 5px !important;}\u00bb el_id=\u00bbnuestros_valores\u00bb][vc_column][vc_column_text]<\/p>\n<div class=\"seccion_slider\">\n<h2>NUESTROS VALORES:<\/h2>\n<\/div>\n<p>[\/vc_column_text][vc_row_inner][vc_column_inner width=\u00bb1\/3&#8243;][vc_column_text]<\/p>\n<div class=\"flex seccion_slider\">\n<div><img loading=\"lazy\" decoding=\"async\" width=\"60\" height=\"60\" class=\"size-full wp-image-19\" src=\"https:\/\/elementsusaadjusting.com\/es\/wp-content\/uploads\/2018\/10\/Teamwork.png\" alt=\"\" \/><\/div>\n<div>\n<p class=\"none\"><strong>Trabajo en equipo<\/strong><br \/>\nTrabajamos juntos, mas alla de nuestros limites, para superar las expectativas y necesidades de nuestros clientes.<\/p>\n<\/div>\n<\/div>\n<p>[\/vc_column_text][\/vc_column_inner][vc_column_inner width=\u00bb1\/3&#8243;][vc_column_text]<\/p>\n<div class=\"flex seccion_slider\">\n<div><img decoding=\"async\" class=\"size-full wp-image-19\" src=\"https:\/\/elementsusaadjusting.com\/es\/wp-content\/uploads\/2018\/10\/Teamwork-copia.png\" alt=\"\" \/><\/div>\n<div>\n<p class=\"none\"><strong>Compromiso con el cliente<\/strong><br \/>\nDesarrollar relaciones a largo plazo que hagan una diferencia positiva en la vida de nuestros clientes.<\/p>\n<\/div>\n<\/div>\n<p>[\/vc_column_text][\/vc_column_inner][vc_column_inner width=\u00bb1\/3&#8243;][vc_column_text]<\/p>\n<div class=\"flex seccion_slider\">\n<div><img decoding=\"async\" class=\"size-full wp-image-19\" src=\"https:\/\/elementsusaadjusting.com\/es\/wp-content\/uploads\/2018\/10\/Teamwork-copia-2.png\" alt=\"\" \/><\/div>\n<div>\n<p class=\"none\"><strong>Nuestro orgullo de equipo<\/strong><br \/>\nY hacer que los miembros de Elements se sientan orgullosos de ser parte del equipo.<\/p>\n<\/div>\n<\/div>\n<p>[\/vc_column_text][\/vc_column_inner][\/vc_row_inner][\/vc_column][\/vc_row][vc_row full_width=\u00bbstretch_row\u00bb css=\u00bb.vc_custom_1542743547655{padding-top: 0px !important;padding-bottom: 80px !important;background-image: url(https:\/\/elementsusaadjusting.com\/es\/wp-content\/uploads\/2018\/10\/fondo-nosotros.png?id=48) !important;}\u00bb el_id=\u00bbnosotros\u00bb][vc_column][vc_row_inner][vc_column_inner width=\u00bb1\/2&#8243;][vc_column_text css=\u00bb.vc_custom_1585000777884{padding-right: 20px !important;}\u00bb]<\/p>\n<h2>QUIENES SOMOS<\/h2>\n<p class=\"n\">El equipo de Elements USA Adjusting, Inc. es un grupo experimentado y orientado por resultados de ajustadores p\u00fablicos certificados, estimadores y todos los profesionales necesarios para un proceso de reclamo de seguro sin problemas y que maximice el acuerdo para el asegurado.<\/p>\n<p class=\"n\">Somos profesionales de seguros independientes con licencia y certificados en los estados de Florida y Georgia, con m\u00e1s de 20 a\u00f1os de experiencia combinada que TRABAJAN POR USTED, no en nombre de la compa\u00f1\u00eda de seguros. Nuestra funci\u00f3n principal es representar y gestionar los derechos del asegurado durante un proceso de reclamaci\u00f3n, obteniendo siempre el mejor resultado que el asegurado se merece despu\u00e9s de una perdida o da\u00f1o.<\/p>\n<p>Luis Francisco Viale Barcelli FL Lic# W179010[\/vc_column_text][\/vc_column_inner][vc_column_inner width=\u00bb1\/2&#8243;][vc_column_text css=\u00bb.vc_custom_1542742878443{padding-left: 20px !important;}\u00bb]<\/p>\n<h2>MISI\u00d3N<\/h2>\n<p class=\"n\">Aplicar nuestra experiencia en nombre de los asegurados para obtener el mejor acuerdo posible del que tienen derecho frente a las aseguradoras.<\/p>\n<p>[\/vc_column_text][\/vc_column_inner][\/vc_row_inner][\/vc_column][\/vc_row][vc_row full_width=\u00bbstretch_row\u00bb css=\u00bb.vc_custom_1542743528017{padding-top: 80px !important;padding-bottom: 80px !important;background-image: url(https:\/\/elementsusaadjusting.com\/es\/wp-content\/uploads\/2018\/10\/fondo-sombra.png?id=43) !important;}\u00bb el_id=\u00bbservicios\u00bb][vc_column][vc_row_inner][vc_column_inner width=\u00bb1\/2&#8243;][\/vc_column_inner][vc_column_inner width=\u00bb1\/2&#8243;][vc_column_text]<\/p>\n<h2>SERVICIOS PRESTADOS<\/h2>\n<p class=\"n\">Ayudamos a los asegurados con nuevos reclamos, reclamos con pagos insuficientes, reclamos reabiertos e inclusive reclamos denegados. Trabajamos con propiedades residenciales y comerciales.<\/p>\n<p class=\"n\">El asegurado no tendr\u00e1 que pagar nada hasta el final del reclamo. Si al final a usted no le pagan, usted no nos paga a nosotros. Si no se recupera nada, no hay ning\u00fan cargo.<\/p>\n<p class=\"n\">Ofrecemos consulta e inspecci\u00f3n gratuita. No dude en ponerse en contacto con nosotros y reunirse con uno de los experimentados y calificados miembros de nuestro equipo. Maximizara su resultado y ahorrara una gran cantidad de tiempo cuando nuestro Ajustador Publico Profesional maneje su reclamo.<\/p>\n<p style=\"color: #8f8f8f; font-size: 12px; font-style: italic;\">ESTA ES UNA SOLUCI\u00d3N PARA EL NEGOCIO. SI USTED HA RECLAMADO UNA P\u00c9RDIDA O DA\u00d1O A LA PROPIEDAD ASEGURADA Y USTED EST\u00c1 SATISFECHO CON EL PAGO DE SU ASEGURADOR, PUEDE DESECHAR ESTA PUBLICIDAD<\/p>\n<p><a class=\"btn\" href=\"#contacto\">Solicitar ahora<\/a>[\/vc_column_text][\/vc_column_inner][\/vc_row_inner][\/vc_column][\/vc_row][vc_row full_width=\u00bbstretch_row\u00bb css=\u00bb.vc_custom_1540233917162{padding-top: 60px !important;padding-bottom: 60px !important;background-color: #f1f1f1 !important;}\u00bb el_id=\u00bbfq\u00bb][vc_column][vc_column_text]<\/p>\n<h2>PREGUNTAS Y RESPUESTAS<\/h2>\n<p>[\/vc_column_text][vc_accordion active_tab=\u00bb1&#8243; el_class=\u00bbblanco\u00bb][vc_accordion_tab title=\u00bb\u00bfQu\u00e9 es un Ajustador P\u00fablico?\u00bb][vc_column_text]Un Ajustador P\u00fablico es un profesional de seguros que trabaja en beneficio de los asegurados, no para la compa\u00f1\u00eda de seguros.[\/vc_column_text][\/vc_accordion_tab][vc_accordion_tab title=\u00bb\u00bfVale la pena poner un reclamo por el da\u00f1o en mi propiedad? \u00bfEstar\u00e1 cubierto?\u00bb][vc_column_text]No importa que tan peque\u00f1o sea su da\u00f1o, Elements USA evaluar\u00e1 el da\u00f1o de su propiedad y su p\u00f3liza, para asegurarse si vale la pena abrir un reclamo. Recuerde que nosotros no recibimos pago, si usted no recibe pago.[\/vc_column_text][\/vc_accordion_tab][vc_accordion_tab title=\u00bbMi casa tiene un da\u00f1o peque\u00f1o. \u00bfDeber\u00eda llamar a un Ajustador Publico?\u00bb][vc_column_text]No importa que tan peque\u00f1o sea su da\u00f1o, nuestro equipo profesional y certificado esta listo para ayudarlo a evaluar si vale la pena abrir un reclamo.[\/vc_column_text][\/vc_accordion_tab][vc_accordion_tab title=\u00bb\u00bfPuedo abrir un reclamo yo mismo?\u00bb][vc_column_text]Si puede, pero el conocimiento de un Ajustador de Seguros en el proceso del reclamo, marcar\u00e1 una gran diferencia en el resultado. Recuerde que somos expertos en el sector de seguros y que negociaremos para usted la mejor compensaci\u00f3n que usted pueda merecer por su perdida.[\/vc_column_text][\/vc_accordion_tab][vc_accordion_tab title=\u00bb\u00bfPorque Elements USA Adjusting Inc.?\u00bb][vc_column_text]Con mas de 20 a\u00f1os de experiencia acumulada y una reputaci\u00f3n de confiabilidad, nuestro equipo de profesionales garantiza la soluci\u00f3n de todas sur preguntas y problemas referentes a su reclamo residencial y\/o comercial.[\/vc_column_text][\/vc_accordion_tab][vc_accordion_tab title=\u00bb\u00bfTiene la representaci\u00f3n un costo?\u00bb][vc_column_text]Nosotros trabajamos a comisi\u00f3n, lo que significa que no cobramos si usted no cobra primero. Sin compensaci\u00f3n, no hay cargo.[\/vc_column_text][\/vc_accordion_tab][vc_accordion_tab title=\u00bbAbr\u00ed un reclamo. \u00bfPuedo pedir la ayuda de un Ajustador de Seguros?\u00bb][vc_column_text]Si puede. Si ha abierto un reclamo, recibido un pago o inclusive si su reclamo ha sido negado, nosotros podemos ayudarlo a ser compensado por su p\u00e9rdida.[\/vc_column_text][\/vc_accordion_tab][\/vc_accordion][\/vc_column][\/vc_row][vc_row full_width=\u00bbstretch_row\u00bb css=\u00bb.vc_custom_1542743574692{padding-top: 60px !important;padding-bottom: 60px !important;background-image: url(https:\/\/elementsusaadjusting.com\/es\/wp-content\/uploads\/2018\/10\/fondo-contacto.png?id=36) !important;}\u00bb el_id=\u00bbcontacto\u00bb][vc_column][vc_row_inner][vc_column_inner width=\u00bb1\/2&#8243;][vc_column_text]<\/p>\n<h2><span style=\"color: #f1a622;\">SOLICITE SU<\/span><br \/>\n<span style=\"color: #f1a622;\">INSPECCI\u00d3N SIN <\/span><br \/>\n<span style=\"color: #f1a622;\">OBLIGACI\u00d3N GRATIS<\/span><\/h2>\n<p><strong><span style=\"color: #f1a622;\">E:<\/span><\/strong> <span style=\"color: #ffffff;\">claims@elementsusaadjusting.com<\/span><br \/>\n<strong><span style=\"color: #f1a622;\">A:<\/span><\/strong> <span style=\"color: #ffffff;\">5883 SW 21st St, West Park, FL 33023<\/span><br \/>\n<strong><span style=\"color: #f1a622;\">P:<\/span><\/strong> <span style=\"color: #ffffff;\">(954) 362 4331<\/span>[\/vc_column_text][\/vc_column_inner][vc_column_inner width=\u00bb1\/2&#8243;]\n<div class=\"wpcf7 no-js\" id=\"wpcf7-f37-o1\" lang=\"es-ES\" dir=\"ltr\" data-wpcf7-id=\"37\">\n<div class=\"screen-reader-response\"><p role=\"status\" aria-live=\"polite\" aria-atomic=\"true\"><\/p> <ul><\/ul><\/div>\n<form action=\"\/es\/wp-json\/wp\/v2\/pages\/11#wpcf7-f37-o1\" method=\"post\" class=\"wpcf7-form init\" aria-label=\"Formulario de contacto\" novalidate=\"novalidate\" data-status=\"init\">\n<div style=\"display: none;\">\n<input type=\"hidden\" name=\"_wpcf7\" value=\"37\" \/>\n<input type=\"hidden\" name=\"_wpcf7_version\" value=\"6.0.6\" \/>\n<input type=\"hidden\" name=\"_wpcf7_locale\" value=\"es_ES\" \/>\n<input type=\"hidden\" name=\"_wpcf7_unit_tag\" value=\"wpcf7-f37-o1\" \/>\n<input type=\"hidden\" name=\"_wpcf7_container_post\" value=\"0\" \/>\n<input type=\"hidden\" name=\"_wpcf7_posted_data_hash\" value=\"\" \/>\n<\/div>\n<div class=\"formulario\">\n\t<p><span class=\"wpcf7-form-control-wrap\" data-name=\"Name\"><input size=\"40\" maxlength=\"400\" class=\"wpcf7-form-control wpcf7-text wpcf7-validates-as-required\" aria-required=\"true\" aria-invalid=\"false\" placeholder=\"Nombre\" value=\"\" type=\"text\" name=\"Name\" \/><\/span>\n\t<\/p>\n\t<p><span class=\"wpcf7-form-control-wrap\" data-name=\"Telephone\"><input size=\"40\" maxlength=\"400\" class=\"wpcf7-form-control wpcf7-text wpcf7-validates-as-required\" aria-required=\"true\" aria-invalid=\"false\" placeholder=\"Tel\u00e9fono\" value=\"\" type=\"text\" name=\"Telephone\" \/><\/span>\n\t<\/p>\n\t<p><span class=\"wpcf7-form-control-wrap\" data-name=\"Email\"><input size=\"40\" maxlength=\"400\" class=\"wpcf7-form-control wpcf7-email wpcf7-validates-as-required wpcf7-text wpcf7-validates-as-email\" aria-required=\"true\" aria-invalid=\"false\" placeholder=\"Correo electr\u00f3nico\" value=\"\" type=\"email\" name=\"Email\" \/><\/span>\n\t<\/p>\n\t<p><span class=\"wpcf7-form-control-wrap\" data-name=\"Business\"><input size=\"40\" maxlength=\"400\" class=\"wpcf7-form-control wpcf7-text wpcf7-validates-as-required\" aria-required=\"true\" aria-invalid=\"false\" placeholder=\"Nombre del Negocio\" value=\"\" type=\"text\" name=\"Business\" \/><\/span>\n\t<\/p>\n\t<p><span class=\"wpcf7-form-control-wrap\" data-name=\"Property\"><input size=\"40\" maxlength=\"400\" class=\"wpcf7-form-control wpcf7-text wpcf7-validates-as-required\" aria-required=\"true\" aria-invalid=\"false\" placeholder=\"Direcci\u00f3n de Propiedad\" value=\"\" type=\"text\" name=\"Property\" \/><\/span>\n\t<\/p>\n\t<p><span class=\"wpcf7-form-control-wrap\" data-name=\"Insurance\"><input size=\"40\" maxlength=\"400\" class=\"wpcf7-form-control wpcf7-text wpcf7-validates-as-required\" aria-required=\"true\" aria-invalid=\"false\" placeholder=\"Nombre del seguro\" value=\"\" type=\"text\" name=\"Insurance\" \/><\/span>\n\t<\/p>\n\t<p><span class=\"wpcf7-form-control-wrap\" data-name=\"Policy\"><input size=\"40\" maxlength=\"400\" class=\"wpcf7-form-control wpcf7-text wpcf7-validates-as-required\" aria-required=\"true\" aria-invalid=\"false\" placeholder=\"N\u00famero de p\u00f3liza\" value=\"\" type=\"text\" name=\"Policy\" \/><\/span>\n\t<\/p>\n\t<p><input class=\"wpcf7-form-control wpcf7-submit has-spinner btn\" type=\"submit\" value=\"ENVIAR\" \/>\n\t<\/p>\n<\/div><div class=\"wpcf7-response-output\" aria-hidden=\"true\"><\/div>\n<\/form>\n<\/div>\n[\/vc_column_inner][\/vc_row_inner][\/vc_column][\/vc_row]<\/p>\n<\/div>","protected":false},"excerpt":{"rendered":"<p>[vc_row css=\u00bb.vc_custom_1540188970899{padding-bottom: 0px !important;}\u00bb][vc_column][\/vc_column][\/vc_row][vc_row css=\u00bb.vc_custom_1540191530130{margin-top: 0px !important;margin-right: -55px !important;margin-bottom: 0px !important;margin-left: -55px !important;padding-right: 40px !important;padding-left: 40px !important;background-color: #a7245c !important;border-radius: 5px !important;}\u00bb el_id=\u00bbnuestros_valores\u00bb][vc_column][vc_column_text] NUESTROS VALORES: [\/vc_column_text][vc_row_inner][vc_column_inner width=\u00bb1\/3&#8243;][vc_column_text] Trabajo en equipo Trabajamos juntos, mas alla de nuestros limites, para superar las expectativas y necesidades de nuestros clientes. [\/vc_column_text][\/vc_column_inner][vc_column_inner width=\u00bb1\/3&#8243;][vc_column_text] Compromiso con el cliente Desarrollar relaciones a largo&nbsp;&#8230;<\/p>\n","protected":false},"author":3,"featured_media":0,"parent":0,"menu_order":0,"comment_status":"closed","ping_status":"closed","template":"","meta":{"footnotes":""},"class_list":["post-11","page","type-page","status-publish","hentry"],"_links":{"self":[{"href":"https:\/\/elementsusaadjusting.com\/es\/wp-json\/wp\/v2\/pages\/11","targetHints":{"allow":["GET"]}}],"collection":[{"href":"https:\/\/elementsusaadjusting.com\/es\/wp-json\/wp\/v2\/pages"}],"about":[{"href":"https:\/\/elementsusaadjusting.com\/es\/wp-json\/wp\/v2\/types\/page"}],"author":[{"embeddable":true,"href":"https:\/\/elementsusaadjusting.com\/es\/wp-json\/wp\/v2\/users\/3"}],"replies":[{"embeddable":true,"href":"https:\/\/elementsusaadjusting.com\/es\/wp-json\/wp\/v2\/comments?post=11"}],"version-history":[{"count":5,"href":"https:\/\/elementsusaadjusting.com\/es\/wp-json\/wp\/v2\/pages\/11\/revisions"}],"predecessor-version":[{"id":85,"href":"https:\/\/elementsusaadjusting.com\/es\/wp-json\/wp\/v2\/pages\/11\/revisions\/85"}],"wp:attachment":[{"href":"https:\/\/elementsusaadjusting.com\/es\/wp-json\/wp\/v2\/media?parent=11"}],"curies":[{"name":"wp","href":"https:\/\/api.w.org\/{rel}","templated":true}]}}